{"id":6,"date":"2026-01-19T06:26:39","date_gmt":"2026-01-19T06:26:39","guid":{"rendered":"https:\/\/ambulantbehandling.dk\/?page_id=6"},"modified":"2026-01-19T06:27:35","modified_gmt":"2026-01-19T06:27:35","slug":"ambulant","status":"publish","type":"page","link":"https:\/\/ambulantbehandling.dk\/","title":{"rendered":"Ambulant"},"content":{"rendered":"\n<h1 class=\"wp-block-heading\"><\/h1>\n\n\n\n<h2 class=\"wp-block-heading\">En gratis behandlingsform<\/h2>\n\n\n\n<p>Ambulant alkoholbehandling er gratis og tilg\u00e6ngeligt over det meste af landet. Ambulant misbrugsbehandling skal visiteres igennem kommunen.<\/p>\n\n\n\n<p>Man ogs\u00e5 benytte sin sundhedsforsikring eller helt enkelt selv betale.<\/p>\n\n\n\n<p>Ambulant alkoholbehandling\u00a0betyder, at du ikke er indlagt under behandlingen. Du kommer til behandling hjemmefra eller du modtager behandling hjemme.<\/p>\n\n\n\n<p>Behandlingen kan foreg\u00e5 b\u00e5de dag, aften eller weekend.<\/p>\n\n\n\n<p>Alt afh\u00e6ngig af, hvilket misbrug, der er tale om, foreg\u00e5r behandlingen p\u00e5 forskellige m\u00e5der. Enten m\u00f8der du op til behandling eller en af regionens specialklinikker eller ogs\u00e5 f\u00e5r du bes\u00f8g derhjemme af behandleren.<\/p>\n\n\n\n<p>Hvor ofte, og hvorn\u00e5r du skal m\u00f8de op eller f\u00e5r bes\u00f8g, aftales med din behandler.<\/p>\n\n\n\n<p>P\u00e5 de ambulante behandlingssteder tilbydes du en eller flere af f\u00f8lgende ting:<\/p>\n\n\n\n<ul class=\"wp-block-list\">\n<li>Udredning af hvad du fejler, hvis der ikke allerede er stillet en diagnose<\/li>\n\n\n\n<li>Samtaleterapi<\/li>\n\n\n\n<li>Medicin, herunder vurdering af den medicinske behandling<\/li>\n\n\n\n<li>Undervisning og vejledning<\/li>\n\n\n\n<li>Samarbejde med dine p\u00e5r\u00f8rende<\/li>\n\n\n\n<li>Samarbejde med din praktiserende l\u00e6ge<\/li>\n\n\n\n<li>Samarbejde med kommunen<\/li>\n<\/ul>\n\n\n\n<p>Personalesammens\u00e6tningen varierer fra sted til sted men er typisk misbrugsbehandler, psykiater, psykolog, sygeplejerske og socialr\u00e5dgiver.<\/p>\n\n\n\n<p>I mange tilf\u00e6lde kan et kort ophold i\u00a0d\u00f8gnbehandling v\u00e6re gavnligt\u00a0for at lige komme ovenp\u00e5 inden man starter i den ambulante behandling.<\/p>\n\n\n\n<p>Kopier kun hvis du har tilladelse \u00a9 2019<\/p>\n","protected":false},"excerpt":{"rendered":"<p>En gratis behandlingsform Ambulant alkoholbehandling er gratis og tilg\u00e6ngeligt over det meste af landet. Ambulant misbrugsbehandling skal visiteres igennem kommunen. Man ogs\u00e5 benytte sin sundhedsforsikring eller helt enkelt selv betale. Ambulant alkoholbehandling\u00a0betyder, at du ikke er indlagt under behandlingen. Du kommer til behandling hjemmefra eller du modtager behandling hjemme. Behandlingen kan foreg\u00e5 b\u00e5de dag, aften [&hellip;]<\/p>\n","protected":false},"author":1,"featured_media":0,"parent":0,"menu_order":0,"comment_status":"closed","ping_status":"closed","template":"","meta":{"footnotes":""},"class_list":["post-6","page","type-page","status-publish","hentry"],"_links":{"self":[{"href":"https:\/\/ambulantbehandling.dk\/index.php?rest_route=\/wp\/v2\/pages\/6","targetHints":{"allow":["GET"]}}],"collection":[{"href":"https:\/\/ambulantbehandling.dk\/index.php?rest_route=\/wp\/v2\/pages"}],"about":[{"href":"https:\/\/ambulantbehandling.dk\/index.php?rest_route=\/wp\/v2\/types\/page"}],"author":[{"embeddable":true,"href":"https:\/\/ambulantbehandling.dk\/index.php?rest_route=\/wp\/v2\/users\/1"}],"replies":[{"embeddable":true,"href":"https:\/\/ambulantbehandling.dk\/index.php?rest_route=%2Fwp%2Fv2%2Fcomments&post=6"}],"version-history":[{"count":2,"href":"https:\/\/ambulantbehandling.dk\/index.php?rest_route=\/wp\/v2\/pages\/6\/revisions"}],"predecessor-version":[{"id":9,"href":"https:\/\/ambulantbehandling.dk\/index.php?rest_route=\/wp\/v2\/pages\/6\/revisions\/9"}],"wp:attachment":[{"href":"https:\/\/ambulantbehandling.dk\/index.php?rest_route=%2Fwp%2Fv2%2Fmedia&parent=6"}],"curies":[{"name":"wp","href":"https:\/\/api.w.org\/{rel}","templated":true}]}}